{"id":1554,"date":"2023-12-05T21:33:49","date_gmt":"2023-12-06T02:33:49","guid":{"rendered":"https:\/\/poblacion.com.co\/accesibilidad\/?page_id=1554"},"modified":"2023-12-09T14:02:56","modified_gmt":"2023-12-09T19:02:56","slug":"desafio-y-oportunidades-para-el-pais","status":"publish","type":"page","link":"https:\/\/poblacion.com.co\/accesibilidad\/desafio-y-oportunidades-para-el-pais\/","title":{"rendered":"Desaf\u00edo y Oportunidades para el pa\u00eds"},"content":{"rendered":"\t\t<div data-elementor-type=\"wp-page\" data-elementor-id=\"1554\" class=\"elementor elementor-1554\" data-elementor-post-type=\"page\">\n\t\t\t\t\t\t\t<main class=\"elementor-element elementor-element-46988bb e-flex e-con-boxed e-con e-parent\" data-id=\"46988bb\" data-element_type=\"container\" data-settings=\"{&quot;background_background&quot;:&quot;classic&quot;,&quot;container_type&quot;:&quot;flex&quot;,&quot;content_width&quot;:&quot;boxed&quot;}\" data-core-v316-plus=\"true\">\n\t\t\t\t\t<div class=\"e-con-inner\">\n\t\t\t\t<div class=\"elementor-element elementor-element-7d2e2fa elementor-widget__width-inherit elementor-widget elementor-widget-heading\" data-id=\"7d2e2fa\" data-element_type=\"widget\" data-widget_type=\"heading.default\">\n\t\t\t\t<div class=\"elementor-widget-container\">\n\t\t\t<style>\/*! elementor - v3.18.0 - 04-12-2023 *\/\n.elementor-heading-title{padding:0;margin:0;line-height:1}.elementor-widget-heading .elementor-heading-title[class*=elementor-size-]>a{color:inherit;font-size:inherit;line-height:inherit}.elementor-widget-heading .elementor-heading-title.elementor-size-small{font-size:15px}.elementor-widget-heading .elementor-heading-title.elementor-size-medium{font-size:19px}.elementor-widget-heading .elementor-heading-title.elementor-size-large{font-size:29px}.elementor-widget-heading .elementor-heading-title.elementor-size-xl{font-size:39px}.elementor-widget-heading .elementor-heading-title.elementor-size-xxl{font-size:59px}<\/style><div class=\"elementor-heading-title elementor-size-default\"><a href=\"\/accesibilidad\/\">Inicio<\/a> \/ Desaf\u00edo y Oportunidades para el pa\u00eds<\/div>\t\t<\/div>\n\t\t\t\t<\/div>\n\t\t\t\t<div class=\"elementor-element elementor-element-5f70820 elementor-widget__width-initial elementor-widget-tablet__width-inherit elementor-widget elementor-widget-heading\" data-id=\"5f70820\" data-element_type=\"widget\" tabindex=\"0\" data-widget_type=\"heading.default\">\n\t\t\t\t<div class=\"elementor-widget-container\">\n\t\t\t<h1 class=\"elementor-heading-title elementor-size-default\">Desaf\u00edo y Oportunidades para el pa\u00eds<\/h1>\t\t<\/div>\n\t\t\t\t<\/div>\n\t\t\t\t<div class=\"elementor-element elementor-element-b62c5be elementor-absolute elementor-widget-tablet__width-initial elementor-hidden-tablet elementor-hidden-mobile elementor-widget elementor-widget-image\" data-id=\"b62c5be\" data-element_type=\"widget\" data-settings=\"{&quot;_position&quot;:&quot;absolute&quot;}\" data-widget_type=\"image.default\">\n\t\t\t\t<div class=\"elementor-widget-container\">\n\t\t\t<style>\/*! elementor - v3.18.0 - 04-12-2023 *\/\n.elementor-widget-image{text-align:center}.elementor-widget-image a{display:inline-block}.elementor-widget-image a img[src$=\".svg\"]{width:48px}.elementor-widget-image img{vertical-align:middle;display:inline-block}<\/style>\t\t\t\t\t\t\t\t\t\t\t\t<img fetchpriority=\"high\" decoding=\"async\" width=\"1100\" height=\"592\" src=\"https:\/\/poblacion.com.co\/accesibilidad\/wp-content\/uploads\/hero-mn-min.png\" class=\"attachment-full size-full wp-image-1327\" alt=\"\" srcset=\"https:\/\/poblacion.com.co\/accesibilidad\/wp-content\/uploads\/hero-mn-min.png 1100w, https:\/\/poblacion.com.co\/accesibilidad\/wp-content\/uploads\/hero-mn-min-768x413.png 768w\" sizes=\"(max-width: 1100px) 100vw, 1100px\" \/>\t\t\t\t\t\t\t\t\t\t\t\t\t\t\t<\/div>\n\t\t\t\t<\/div>\n\t\t\t\t<div class=\"elementor-element elementor-element-ed77e20 elementor-widget-tablet__width-inherit elementor-hidden-desktop elementor-widget elementor-widget-image\" data-id=\"ed77e20\" data-element_type=\"widget\" data-widget_type=\"image.default\">\n\t\t\t\t<div class=\"elementor-widget-container\">\n\t\t\t\t\t\t\t\t\t\t\t\t\t\t\t<img fetchpriority=\"high\" decoding=\"async\" width=\"1100\" height=\"592\" src=\"https:\/\/poblacion.com.co\/accesibilidad\/wp-content\/uploads\/hero-mn-min.png\" class=\"attachment-full size-full wp-image-1327\" alt=\"\" srcset=\"https:\/\/poblacion.com.co\/accesibilidad\/wp-content\/uploads\/hero-mn-min.png 1100w, https:\/\/poblacion.com.co\/accesibilidad\/wp-content\/uploads\/hero-mn-min-768x413.png 768w\" sizes=\"(max-width: 1100px) 100vw, 1100px\" \/>\t\t\t\t\t\t\t\t\t\t\t\t\t\t\t<\/div>\n\t\t\t\t<\/div>\n\t\t\t\t\t<\/div>\n\t\t\t\t<\/main>\n\t\t<section class=\"elementor-element elementor-element-cfa48ae e-flex e-con-boxed e-con e-parent\" data-id=\"cfa48ae\" data-element_type=\"container\" data-settings=\"{&quot;container_type&quot;:&quot;flex&quot;,&quot;content_width&quot;:&quot;boxed&quot;}\" aria-label=\"Bajar\" data-core-v316-plus=\"true\">\n\t\t\t\t\t<div class=\"e-con-inner\">\n\t\t\t\t<div class=\"elementor-element elementor-element-2dca199 elementor-view-stacked elementor-shape-circle elementor-widget elementor-widget-icon\" data-id=\"2dca199\" data-element_type=\"widget\" data-widget_type=\"icon.default\">\n\t\t\t\t<div class=\"elementor-widget-container\">\n\t\t\t\t\t<div class=\"elementor-icon-wrapper\">\n\t\t\t<a class=\"elementor-icon elementor-animation-grow\" href=\"#sec001\" aria-label=\"Bajar\">\n\t\t\t<svg aria-hidden=\"true\" class=\"e-font-icon-svg e-fas-angle-double-down\" viewBox=\"0 0 320 512\" xmlns=\"http:\/\/www.w3.org\/2000\/svg\"><path d=\"M143 256.3L7 120.3c-9.4-9.4-9.4-24.6 0-33.9l22.6-22.6c9.4-9.4 24.6-9.4 33.9 0l96.4 96.4 96.4-96.4c9.4-9.4 24.6-9.4 33.9 0L313 86.3c9.4 9.4 9.4 24.6 0 33.9l-136 136c-9.4 9.5-24.6 9.5-34 .1zm34 192l136-136c9.4-9.4 9.4-24.6 0-33.9l-22.6-22.6c-9.4-9.4-24.6-9.4-33.9 0L160 352.1l-96.4-96.4c-9.4-9.4-24.6-9.4-33.9 0L7 278.3c-9.4 9.4-9.4 24.6 0 33.9l136 136c9.4 9.5 24.6 9.5 34 .1z\"><\/path><\/svg>\t\t\t<\/a>\n\t\t<\/div>\n\t\t\t\t<\/div>\n\t\t\t\t<\/div>\n\t\t\t\t\t<\/div>\n\t\t\t\t<\/section>\n\t\t<section class=\"elementor-element elementor-element-474ca68 e-flex e-con-boxed e-con e-parent\" data-id=\"474ca68\" data-element_type=\"container\" data-settings=\"{&quot;container_type&quot;:&quot;flex&quot;,&quot;content_width&quot;:&quot;boxed&quot;}\" aria-label=\"t\u00edtulo 1\" data-core-v316-plus=\"true\">\n\t\t\t\t\t<div class=\"e-con-inner\">\n\t\t\t\t<div class=\"elementor-element elementor-element-30c0471 elementor-widget__width-initial elementor-widget-tablet__width-inherit elementor-widget elementor-widget-icon-box\" data-id=\"30c0471\" data-element_type=\"widget\" tabindex=\"0\" data-widget_type=\"icon-box.default\">\n\t\t\t\t<div class=\"elementor-widget-container\">\n\t\t\t<link rel=\"stylesheet\" href=\"https:\/\/poblacion.com.co\/accesibilidad\/wp-content\/uploads\/elementor\/css\/custom-widget-icon-box.min.css?ver=1701972908\">\t\t<div class=\"elementor-icon-box-wrapper\">\n\t\t\t\t\t\t<div class=\"elementor-icon-box-content\">\n\t\t\t\t<h2 class=\"elementor-icon-box-title\">\n\t\t\t\t\t<span  >\n\t\t\t\t\t\tDisponibilidad de informaci\u00f3n:\t\t\t\t\t<\/span>\n\t\t\t\t<\/h2>\n\t\t\t\t\t\t\t<\/div>\n\t\t<\/div>\n\t\t\t\t<\/div>\n\t\t\t\t<\/div>\n\t\t\t\t\t<\/div>\n\t\t\t\t<\/section>\n\t\t<section class=\"elementor-element elementor-element-4bb1a2e e-flex e-con-boxed e-con e-parent\" data-id=\"4bb1a2e\" data-element_type=\"container\" data-settings=\"{&quot;container_type&quot;:&quot;flex&quot;,&quot;content_width&quot;:&quot;boxed&quot;}\" aria-label=\"Contenido\" data-core-v316-plus=\"true\">\n\t\t\t\t\t<div class=\"e-con-inner\">\n\t\t<div class=\"elementor-element elementor-element-b577e4a e-con-full e-flex e-con e-child\" data-id=\"b577e4a\" data-element_type=\"container\" data-settings=\"{&quot;content_width&quot;:&quot;full&quot;,&quot;container_type&quot;:&quot;flex&quot;}\">\n\t\t\t\t<div class=\"elementor-element elementor-element-d7ea4c9 elementor-hidden-desktop elementor-hidden-tablet elementor-widget elementor-widget-image\" data-id=\"d7ea4c9\" data-element_type=\"widget\" data-widget_type=\"image.default\">\n\t\t\t\t<div class=\"elementor-widget-container\">\n\t\t\t\t\t\t\t\t\t\t\t\t\t\t\t<img decoding=\"async\" width=\"1600\" height=\"687\" src=\"https:\/\/poblacion.com.co\/accesibilidad\/wp-content\/uploads\/img-sl001.jpg\" class=\"attachment-large size-large wp-image-1688\" alt=\"\" srcset=\"https:\/\/poblacion.com.co\/accesibilidad\/wp-content\/uploads\/img-sl001.jpg 1600w, https:\/\/poblacion.com.co\/accesibilidad\/wp-content\/uploads\/img-sl001-768x330.jpg 768w, https:\/\/poblacion.com.co\/accesibilidad\/wp-content\/uploads\/img-sl001-1536x660.jpg 1536w\" sizes=\"(max-width: 1600px) 100vw, 1600px\" \/>\t\t\t\t\t\t\t\t\t\t\t\t\t\t\t<\/div>\n\t\t\t\t<\/div>\n\t\t\t\t<div class=\"elementor-element elementor-element-ff90688 elementor-widget__width-initial elementor-widget-tablet__width-initial elementor-widget-mobile__width-inherit box-infob elementor-widget elementor-widget-icon-box\" data-id=\"ff90688\" data-element_type=\"widget\" tabindex=\"0\" data-widget_type=\"icon-box.default\">\n\t\t\t\t<div class=\"elementor-widget-container\">\n\t\t\t\t\t<div class=\"elementor-icon-box-wrapper\">\n\t\t\t\t\t\t<div class=\"elementor-icon-box-content\">\n\t\t\t\t<h3 class=\"elementor-icon-box-title\">\n\t\t\t\t\t<span  >\n\t\t\t\t\t\t1.\t\t\t\t\t<\/span>\n\t\t\t\t<\/h3>\n\t\t\t\t\t\t\t\t\t<p class=\"elementor-icon-box-description\">\n\t\t\t\t\t\tA pesar de contar con tres conjuntos de fuentes de informaci\u00f3n como los registros de discapacidad, los censos de poblaci\u00f3n y vivienda, y las encuestas por muestreo, se requiere avanzar en el aprovechamiento intensivo de la informaci\u00f3n recopilada, por una parte para enriquecer los diagn\u00f3sticos sobre condiciones y situaciones de la poblaci\u00f3n con discapacidad y, por otra, para elaborar observaciones y sugerencias que permitan mejorar los instrumentos de medici\u00f3n y sus posibilidades de cruce con otras categor\u00edas de an\u00e1lisis.\t\t\t\t\t<\/p>\n\t\t\t\t\t\t\t<\/div>\n\t\t<\/div>\n\t\t\t\t<\/div>\n\t\t\t\t<\/div>\n\t\t\t\t<\/div>\n\t\t<div class=\"elementor-element elementor-element-3836446 e-con-full e-flex e-con e-child\" data-id=\"3836446\" data-element_type=\"container\" data-settings=\"{&quot;content_width&quot;:&quot;full&quot;,&quot;container_type&quot;:&quot;flex&quot;}\">\n\t\t\t\t<div class=\"elementor-element elementor-element-f28bcbc elementor-hidden-desktop elementor-hidden-tablet elementor-widget elementor-widget-image\" data-id=\"f28bcbc\" data-element_type=\"widget\" data-widget_type=\"image.default\">\n\t\t\t\t<div class=\"elementor-widget-container\">\n\t\t\t\t\t\t\t\t\t\t\t\t\t\t\t<img decoding=\"async\" width=\"1600\" height=\"687\" src=\"https:\/\/poblacion.com.co\/accesibilidad\/wp-content\/uploads\/img-sl002.jpg\" class=\"attachment-large size-large wp-image-1689\" alt=\"\" srcset=\"https:\/\/poblacion.com.co\/accesibilidad\/wp-content\/uploads\/img-sl002.jpg 1600w, https:\/\/poblacion.com.co\/accesibilidad\/wp-content\/uploads\/img-sl002-768x330.jpg 768w, https:\/\/poblacion.com.co\/accesibilidad\/wp-content\/uploads\/img-sl002-1536x660.jpg 1536w\" sizes=\"(max-width: 1600px) 100vw, 1600px\" \/>\t\t\t\t\t\t\t\t\t\t\t\t\t\t\t<\/div>\n\t\t\t\t<\/div>\n\t\t\t\t<div class=\"elementor-element elementor-element-725bfd7 elementor-widget__width-initial elementor-widget-tablet__width-initial elementor-widget-mobile__width-inherit box-infob elementor-widget elementor-widget-icon-box\" data-id=\"725bfd7\" data-element_type=\"widget\" tabindex=\"0\" data-widget_type=\"icon-box.default\">\n\t\t\t\t<div class=\"elementor-widget-container\">\n\t\t\t\t\t<div class=\"elementor-icon-box-wrapper\">\n\t\t\t\t\t\t<div class=\"elementor-icon-box-content\">\n\t\t\t\t<h3 class=\"elementor-icon-box-title\">\n\t\t\t\t\t<span  >\n\t\t\t\t\t\t2.\t\t\t\t\t<\/span>\n\t\t\t\t<\/h3>\n\t\t\t\t\t\t\t\t\t<p class=\"elementor-icon-box-description\">\n\t\t\t\t\t\tDe manera paralela, se pueden explorar las posibilidades de investigaci\u00f3n a partir del Registro Base de Poblaci\u00f3n (REBP) que est\u00e1 conformando el DANE, una vez vaya consolidando resultados que permitan construir series hist\u00f3ricas o la incorporaci\u00f3n de la perspectiva longitudinal para ver cambios en los individuos y su nivel de complementariedad con los resultados del Registro para la Localizaci\u00f3n y Caracterizaci\u00f3n de las Personas con Discapacidad (RLCPD).\t\t\t\t\t<\/p>\n\t\t\t\t\t\t\t<\/div>\n\t\t<\/div>\n\t\t\t\t<\/div>\n\t\t\t\t<\/div>\n\t\t\t\t<\/div>\n\t\t<div class=\"elementor-element elementor-element-64e2127 e-con-full e-flex e-con e-child\" data-id=\"64e2127\" data-element_type=\"container\" data-settings=\"{&quot;content_width&quot;:&quot;full&quot;,&quot;container_type&quot;:&quot;flex&quot;}\">\n\t\t\t\t<div class=\"elementor-element elementor-element-8013779 elementor-hidden-desktop elementor-hidden-tablet elementor-widget elementor-widget-image\" data-id=\"8013779\" data-element_type=\"widget\" data-widget_type=\"image.default\">\n\t\t\t\t<div class=\"elementor-widget-container\">\n\t\t\t\t\t\t\t\t\t\t\t\t\t\t\t<img loading=\"lazy\" decoding=\"async\" width=\"1600\" height=\"687\" src=\"https:\/\/poblacion.com.co\/accesibilidad\/wp-content\/uploads\/img-sl003.jpg\" class=\"attachment-large size-large wp-image-1690\" alt=\"\" srcset=\"https:\/\/poblacion.com.co\/accesibilidad\/wp-content\/uploads\/img-sl003.jpg 1600w, https:\/\/poblacion.com.co\/accesibilidad\/wp-content\/uploads\/img-sl003-768x330.jpg 768w, https:\/\/poblacion.com.co\/accesibilidad\/wp-content\/uploads\/img-sl003-1536x660.jpg 1536w\" sizes=\"(max-width: 1600px) 100vw, 1600px\" \/>\t\t\t\t\t\t\t\t\t\t\t\t\t\t\t<\/div>\n\t\t\t\t<\/div>\n\t\t\t\t<div class=\"elementor-element elementor-element-120857e elementor-widget__width-initial elementor-widget-tablet__width-initial elementor-widget-mobile__width-inherit box-infob elementor-widget elementor-widget-icon-box\" data-id=\"120857e\" data-element_type=\"widget\" tabindex=\"0\" data-widget_type=\"icon-box.default\">\n\t\t\t\t<div class=\"elementor-widget-container\">\n\t\t\t\t\t<div class=\"elementor-icon-box-wrapper\">\n\t\t\t\t\t\t<div class=\"elementor-icon-box-content\">\n\t\t\t\t<h3 class=\"elementor-icon-box-title\">\n\t\t\t\t\t<span  >\n\t\t\t\t\t\t3.\t\t\t\t\t<\/span>\n\t\t\t\t<\/h3>\n\t\t\t\t\t\t\t\t\t<p class=\"elementor-icon-box-description\">\n\t\t\t\t\t\tEs necesario avanzar en la utilizaci\u00f3n de la informaci\u00f3n estad\u00edstica para la publicaci\u00f3n de investigaciones espec\u00edficas sobre discapacidad; adem\u00e1s, las publicaciones sobre an\u00e1lisis poblacionales oficiales deber\u00edan incorporar de manera transversal el enfoque de la discapacidad.\t\t\t\t\t<\/p>\n\t\t\t\t\t\t\t<\/div>\n\t\t<\/div>\n\t\t\t\t<\/div>\n\t\t\t\t<\/div>\n\t\t\t\t<\/div>\n\t\t\t\t\t<\/div>\n\t\t\t\t<\/section>\n\t\t\t\t\t\t\t<\/div>\n\t\t","protected":false},"excerpt":{"rendered":"<p>Desaf\u00edo y Oportunidades para el pa\u00eds Disponibilidad de informaci\u00f3n: 1. A pesar de contar con tres conjuntos de fuentes de informaci\u00f3n como los registros de discapacidad, los censos de poblaci\u00f3n y vivienda, y las encuestas por muestreo, se requiere avanzar en el aprovechamiento intensivo de la informaci\u00f3n recopilada, por una parte para enriquecer los diagn\u00f3sticos [&hellip;]<\/p>\n","protected":false},"author":1,"featured_media":0,"parent":0,"menu_order":0,"comment_status":"closed","ping_status":"closed","template":"","meta":{"footnotes":""},"wf_page_folders":[6],"_links":{"self":[{"href":"https:\/\/poblacion.com.co\/accesibilidad\/wp-json\/wp\/v2\/pages\/1554"}],"collection":[{"href":"https:\/\/poblacion.com.co\/accesibilidad\/wp-json\/wp\/v2\/pages"}],"about":[{"href":"https:\/\/poblacion.com.co\/accesibilidad\/wp-json\/wp\/v2\/types\/page"}],"author":[{"embeddable":true,"href":"https:\/\/poblacion.com.co\/accesibilidad\/wp-json\/wp\/v2\/users\/1"}],"replies":[{"embeddable":true,"href":"https:\/\/poblacion.com.co\/accesibilidad\/wp-json\/wp\/v2\/comments?post=1554"}],"version-history":[{"count":94,"href":"https:\/\/poblacion.com.co\/accesibilidad\/wp-json\/wp\/v2\/pages\/1554\/revisions"}],"predecessor-version":[{"id":2162,"href":"https:\/\/poblacion.com.co\/accesibilidad\/wp-json\/wp\/v2\/pages\/1554\/revisions\/2162"}],"wp:attachment":[{"href":"https:\/\/poblacion.com.co\/accesibilidad\/wp-json\/wp\/v2\/media?parent=1554"}],"wp:term":[{"taxonomy":"wf_page_folders","embeddable":true,"href":"https:\/\/poblacion.com.co\/accesibilidad\/wp-json\/wp\/v2\/wf_page_folders?post=1554"}],"curies":[{"name":"wp","href":"https:\/\/api.w.org\/{rel}","templated":true}]}}